{"id":1046,"date":"2023-09-21T09:09:33","date_gmt":"2023-09-21T06:09:33","guid":{"rendered":"https:\/\/isst.rtu.lv\/par-mums-2\/"},"modified":"2026-03-24T18:21:24","modified_gmt":"2026-03-24T16:21:24","slug":"par-mums-2","status":"publish","type":"page","link":"https:\/\/isst.rtu.lv\/lv\/","title":{"rendered":"Par mums"},"content":{"rendered":"","protected":false},"excerpt":{"rendered":"<p>Pateicoties m\u016bsu sadarb\u012bbai ar R\u012bgas Tehnisko universit\u0101ti (RTU), skol\u0113ni ieg\u016bst ekskluz\u012bvu piek\u013cuvi resursiem un zin\u0101\u0161an\u0101m, padzi\u013cinot saikni ar Latviju. Pievienojaties mums, lai ieg\u016btu kvalitat\u012bvu un aizraujo\u0161u izgl\u012bt\u012bbas pieredzi, m\u016bsu skol\u0101, kur\u0101 satiekas izcil\u012bba un iesp\u0113jas!<\/p>\n","protected":false},"author":2,"featured_media":343,"parent":0,"menu_order":0,"comment_status":"closed","ping_status":"closed","template":"","meta":{"_monsterinsights_skip_tracking":false,"_monsterinsights_sitenote_active":false,"_monsterinsights_sitenote_note":"","_monsterinsights_sitenote_category":0,"footnotes":""},"class_list":["post-1046","page","type-page","status-publish","has-post-thumbnail","hentry"],"meta_box":{"meta_description":"ISST programma pied\u0101v\u0101 augst\u0101k\u0101s klases izgl\u012bt\u012bbu ar izciliem m\u0101c\u012bbsp\u0113kiem, iev\u0113rojot Kembrid\u017eas Starptautisko AS &A l\u012bme\u0146u m\u0101c\u012bbu programmu. Ar uzsvaru uz STEM priek\u0161metiem, m\u016bsu tr\u012bs gadu programma ang\u013cu valod\u0101 vispus\u012bgi sagatavo skol\u0113nus studij\u0101m universit\u0101t\u0113.","meta_keywords":"ISST programma, RTU Starptautisk\u0101 zin\u0101tnes un tehnolo\u0123iju augstskola, STEM priek\u0161meti, R\u012bgas Tehnisk\u0101 universit\u0101te (RTU)"},"_links":{"self":[{"href":"https:\/\/isst.rtu.lv\/lv\/wp-json\/wp\/v2\/pages\/1046","targetHints":{"allow":["GET"]}}],"collection":[{"href":"https:\/\/isst.rtu.lv\/lv\/wp-json\/wp\/v2\/pages"}],"about":[{"href":"https:\/\/isst.rtu.lv\/lv\/wp-json\/wp\/v2\/types\/page"}],"author":[{"embeddable":true,"href":"https:\/\/isst.rtu.lv\/lv\/wp-json\/wp\/v2\/users\/2"}],"replies":[{"embeddable":true,"href":"https:\/\/isst.rtu.lv\/lv\/wp-json\/wp\/v2\/comments?post=1046"}],"version-history":[{"count":37,"href":"https:\/\/isst.rtu.lv\/lv\/wp-json\/wp\/v2\/pages\/1046\/revisions"}],"predecessor-version":[{"id":1646,"href":"https:\/\/isst.rtu.lv\/lv\/wp-json\/wp\/v2\/pages\/1046\/revisions\/1646"}],"wp:featuredmedia":[{"embeddable":true,"href":"https:\/\/isst.rtu.lv\/lv\/wp-json\/wp\/v2\/media\/343"}],"wp:attachment":[{"href":"https:\/\/isst.rtu.lv\/lv\/wp-json\/wp\/v2\/media?parent=1046"}],"curies":[{"name":"wp","href":"https:\/\/api.w.org\/{rel}","templated":true}]}}