{"id":1167,"date":"2023-10-14T09:02:26","date_gmt":"2023-10-14T06:02:26","guid":{"rendered":"https:\/\/isst.rtu.lv\/admissions-2\/"},"modified":"2026-02-16T18:26:39","modified_gmt":"2026-02-16T16:26:39","slug":"uznemsana","status":"publish","type":"page","link":"https:\/\/isst.rtu.lv\/lv\/uznemsana\/","title":{"rendered":"Uz\u0146em\u0161ana"},"content":{"rendered":"","protected":false},"excerpt":{"rendered":"<p>SZTS ir lieliska izv\u0113le skol\u0113niem, kurus interes\u0113 STEM nozare, un kuri v\u0113las pilnveidot savas zin\u0101\u0161anas, lai sasniegtu savu augst\u0101ko potenci\u0101lu.<\/p>\n","protected":false},"author":2,"featured_media":470,"parent":0,"menu_order":0,"comment_status":"closed","ping_status":"closed","template":"","meta":{"_monsterinsights_skip_tracking":false,"_monsterinsights_sitenote_active":false,"_monsterinsights_sitenote_note":"","_monsterinsights_sitenote_category":0,"footnotes":""},"class_list":["post-1167","page","type-page","status-publish","has-post-thumbnail","hentry"],"meta_box":{"meta_description":"SZTS ir lieliska izv\u0113le skol\u0113niem, kurus interes\u0113 STEM nozare, un kuri v\u0113las pilnveidot savas zin\u0101\u0161anas, lai sasniegtu savu augst\u0101ko potenci\u0101lu.","meta_keywords":"akad\u0113miski izcila izgl\u012bt\u012bba, STEM, SZTS, uz\u0146em\u0161ana, m\u0101c\u012b\u0161an\u0101s, atkl\u0101\u0161ana"},"_links":{"self":[{"href":"https:\/\/isst.rtu.lv\/lv\/wp-json\/wp\/v2\/pages\/1167","targetHints":{"allow":["GET"]}}],"collection":[{"href":"https:\/\/isst.rtu.lv\/lv\/wp-json\/wp\/v2\/pages"}],"about":[{"href":"https:\/\/isst.rtu.lv\/lv\/wp-json\/wp\/v2\/types\/page"}],"author":[{"embeddable":true,"href":"https:\/\/isst.rtu.lv\/lv\/wp-json\/wp\/v2\/users\/2"}],"replies":[{"embeddable":true,"href":"https:\/\/isst.rtu.lv\/lv\/wp-json\/wp\/v2\/comments?post=1167"}],"version-history":[{"count":29,"href":"https:\/\/isst.rtu.lv\/lv\/wp-json\/wp\/v2\/pages\/1167\/revisions"}],"predecessor-version":[{"id":1877,"href":"https:\/\/isst.rtu.lv\/lv\/wp-json\/wp\/v2\/pages\/1167\/revisions\/1877"}],"wp:featuredmedia":[{"embeddable":true,"href":"https:\/\/isst.rtu.lv\/lv\/wp-json\/wp\/v2\/media\/470"}],"wp:attachment":[{"href":"https:\/\/isst.rtu.lv\/lv\/wp-json\/wp\/v2\/media?parent=1167"}],"curies":[{"name":"wp","href":"https:\/\/api.w.org\/{rel}","templated":true}]}}