{"id":1206,"date":"2023-09-21T19:44:40","date_gmt":"2023-09-21T16:44:40","guid":{"rendered":"https:\/\/isst.rtu.lv\/akademija-2\/"},"modified":"2026-02-18T10:32:19","modified_gmt":"2026-02-18T08:32:19","slug":"akademija","status":"publish","type":"page","link":"https:\/\/isst.rtu.lv\/lv\/akademija\/","title":{"rendered":"M\u0101c\u012bbu programma"},"content":{"rendered":"","protected":false},"excerpt":{"rendered":"<p>Kembrid\u017eas AS un A l\u012bmenis ir starptautiski atz\u012bta kvalifik\u0101cija, ko pied\u0101v\u0101 Kembrid\u017eas nov\u0113rt\u0113\u0161anas starptautisk\u0101 izgl\u012bt\u012bba (Cambridge Assessment International Education).<\/p>\n","protected":false},"author":2,"featured_media":341,"parent":0,"menu_order":0,"comment_status":"closed","ping_status":"closed","template":"","meta":{"_monsterinsights_skip_tracking":false,"_monsterinsights_sitenote_active":false,"_monsterinsights_sitenote_note":"","_monsterinsights_sitenote_category":0,"footnotes":""},"class_list":["post-1206","page","type-page","status-publish","has-post-thumbnail","hentry"],"meta_box":{"meta_description":"Kembrid\u017eas AS un A l\u012bmenis ir starptautiski atz\u012bta kvalifik\u0101cija, ko pied\u0101v\u0101 Kembrid\u017eas nov\u0113rt\u0113\u0161anas starptautisk\u0101 izgl\u012bt\u012bba (Cambridge Assessment International Education).","meta_keywords":"Kembrid\u017eas AS un A l\u012bmenis, Internacion\u0101l\u0101 izgl\u012bt\u012bba, kvalifik\u0101cijas, Kembrid\u017ea, Kembrid\u017eas Internacion\u0101lais AS & A l\u012bmenis, m\u0101c\u012bbu programma"},"_links":{"self":[{"href":"https:\/\/isst.rtu.lv\/lv\/wp-json\/wp\/v2\/pages\/1206","targetHints":{"allow":["GET"]}}],"collection":[{"href":"https:\/\/isst.rtu.lv\/lv\/wp-json\/wp\/v2\/pages"}],"about":[{"href":"https:\/\/isst.rtu.lv\/lv\/wp-json\/wp\/v2\/types\/page"}],"author":[{"embeddable":true,"href":"https:\/\/isst.rtu.lv\/lv\/wp-json\/wp\/v2\/users\/2"}],"replies":[{"embeddable":true,"href":"https:\/\/isst.rtu.lv\/lv\/wp-json\/wp\/v2\/comments?post=1206"}],"version-history":[{"count":19,"href":"https:\/\/isst.rtu.lv\/lv\/wp-json\/wp\/v2\/pages\/1206\/revisions"}],"predecessor-version":[{"id":1889,"href":"https:\/\/isst.rtu.lv\/lv\/wp-json\/wp\/v2\/pages\/1206\/revisions\/1889"}],"wp:featuredmedia":[{"embeddable":true,"href":"https:\/\/isst.rtu.lv\/lv\/wp-json\/wp\/v2\/media\/341"}],"wp:attachment":[{"href":"https:\/\/isst.rtu.lv\/lv\/wp-json\/wp\/v2\/media?parent=1206"}],"curies":[{"name":"wp","href":"https:\/\/api.w.org\/{rel}","templated":true}]}}