{"id":971,"date":"2023-08-22T15:37:59","date_gmt":"2023-08-22T12:37:59","guid":{"rendered":"https:\/\/isst.rtu.lv\/kontaktinformacija\/"},"modified":"2024-09-24T15:49:22","modified_gmt":"2024-09-24T12:49:22","slug":"kontaktinformacija","status":"publish","type":"page","link":"https:\/\/isst.rtu.lv\/lv\/kontaktinformacija\/","title":{"rendered":"Kontaktinform\u0101cija"},"content":{"rendered":"","protected":false},"excerpt":{"rendered":"<p>Sazinieties ar SZTS, un m\u0113s labpr\u0101t atbild\u0113sim uz j\u016bsu jaut\u0101jumiem un tiksimies konsult\u0101cij\u0101<\/p>\n","protected":false},"author":2,"featured_media":462,"parent":0,"menu_order":0,"comment_status":"closed","ping_status":"closed","template":"","meta":{"_monsterinsights_skip_tracking":false,"_monsterinsights_sitenote_active":false,"_monsterinsights_sitenote_note":"","_monsterinsights_sitenote_category":0,"footnotes":""},"class_list":["post-971","page","type-page","status-publish","has-post-thumbnail","hentry"],"meta_box":{"meta_description":"Sazinieties ar SZTS, un m\u0113s labpr\u0101t atbild\u0113sim uz j\u016bsu jaut\u0101jumiem un tiksimies konsult\u0101cij\u0101","meta_keywords":"SZTS adrese, SZTS epasts, SZTS telefons, Nos\u016bti zi\u0146u SZTS"},"_links":{"self":[{"href":"https:\/\/isst.rtu.lv\/lv\/wp-json\/wp\/v2\/pages\/971","targetHints":{"allow":["GET"]}}],"collection":[{"href":"https:\/\/isst.rtu.lv\/lv\/wp-json\/wp\/v2\/pages"}],"about":[{"href":"https:\/\/isst.rtu.lv\/lv\/wp-json\/wp\/v2\/types\/page"}],"author":[{"embeddable":true,"href":"https:\/\/isst.rtu.lv\/lv\/wp-json\/wp\/v2\/users\/2"}],"replies":[{"embeddable":true,"href":"https:\/\/isst.rtu.lv\/lv\/wp-json\/wp\/v2\/comments?post=971"}],"version-history":[{"count":7,"href":"https:\/\/isst.rtu.lv\/lv\/wp-json\/wp\/v2\/pages\/971\/revisions"}],"predecessor-version":[{"id":1489,"href":"https:\/\/isst.rtu.lv\/lv\/wp-json\/wp\/v2\/pages\/971\/revisions\/1489"}],"wp:featuredmedia":[{"embeddable":true,"href":"https:\/\/isst.rtu.lv\/lv\/wp-json\/wp\/v2\/media\/462"}],"wp:attachment":[{"href":"https:\/\/isst.rtu.lv\/lv\/wp-json\/wp\/v2\/media?parent=971"}],"curies":[{"name":"wp","href":"https:\/\/api.w.org\/{rel}","templated":true}]}}