{"id":983,"date":"2023-08-24T13:54:14","date_gmt":"2023-08-24T10:54:14","guid":{"rendered":"https:\/\/isst.rtu.lv\/skolas-dzive\/"},"modified":"2025-11-04T15:17:39","modified_gmt":"2025-11-04T13:17:39","slug":"skolas-dzive","status":"publish","type":"page","link":"https:\/\/isst.rtu.lv\/lv\/skolas-dzive\/","title":{"rendered":"Skolas dz\u012bve"},"content":{"rendered":"","protected":false},"excerpt":{"rendered":"<p>SZTS m\u0113s patiesi augstu v\u0113rt\u0113jam \u0101rpuskolas aktivit\u0101\u0161u noz\u012bmi jaunie\u0161u izgl\u012bt\u012bb\u0101.<\/p>\n","protected":false},"author":2,"featured_media":692,"parent":0,"menu_order":0,"comment_status":"closed","ping_status":"closed","template":"","meta":{"_monsterinsights_skip_tracking":false,"_monsterinsights_sitenote_active":false,"_monsterinsights_sitenote_note":"","_monsterinsights_sitenote_category":0,"footnotes":""},"class_list":["post-983","page","type-page","status-publish","has-post-thumbnail","hentry"],"meta_box":{"meta_description":"M\u0113s, RTU SZTS, \u013coti augstu v\u0113rt\u0113jam \u0101rpuskolas aktivit\u0101\u0161u noz\u012bmi jaunie\u0161u izgl\u012bt\u012bb\u0101.<br>M\u016bsupr\u0101t, \u0161\u012bs aktivit\u0101tes skol\u0113niem sniedz lieliskas iesp\u0113jas izzin\u0101t savas intereses, papla\u0161in\u0101t zin\u0101\u0161anas konkr\u0113t\u0101s jom\u0101s un veicin\u0101t pieder\u012bbas saj\u016btu m\u016bsu kopienai.","meta_keywords":"Programm\u0113\u0161anas klubs, Augst\u0101k\u0101s matem\u0101tikas klubs, Robotika\/elektronika, Biolo\u0123ijas klubs \u201cjaunais p\u0113tnieks\u201d, Astronomijas klubs, Eksperiment\u0101l\u0101 fizika, \u0136\u012bmijas eksperimenti, Jauktais koris, RTU studentu kluba r\u012bkotie pas\u0101kumi, RTU intere\u0161u klubi un m\u0101kslas kolekt\u012bvi, Pieeja RTU laboratorij\u0101m"},"_links":{"self":[{"href":"https:\/\/isst.rtu.lv\/lv\/wp-json\/wp\/v2\/pages\/983","targetHints":{"allow":["GET"]}}],"collection":[{"href":"https:\/\/isst.rtu.lv\/lv\/wp-json\/wp\/v2\/pages"}],"about":[{"href":"https:\/\/isst.rtu.lv\/lv\/wp-json\/wp\/v2\/types\/page"}],"author":[{"embeddable":true,"href":"https:\/\/isst.rtu.lv\/lv\/wp-json\/wp\/v2\/users\/2"}],"replies":[{"embeddable":true,"href":"https:\/\/isst.rtu.lv\/lv\/wp-json\/wp\/v2\/comments?post=983"}],"version-history":[{"count":25,"href":"https:\/\/isst.rtu.lv\/lv\/wp-json\/wp\/v2\/pages\/983\/revisions"}],"predecessor-version":[{"id":1827,"href":"https:\/\/isst.rtu.lv\/lv\/wp-json\/wp\/v2\/pages\/983\/revisions\/1827"}],"wp:featuredmedia":[{"embeddable":true,"href":"https:\/\/isst.rtu.lv\/lv\/wp-json\/wp\/v2\/media\/692"}],"wp:attachment":[{"href":"https:\/\/isst.rtu.lv\/lv\/wp-json\/wp\/v2\/media?parent=983"}],"curies":[{"name":"wp","href":"https:\/\/api.w.org\/{rel}","templated":true}]}}